{"id":1391,"date":"2021-02-04T10:56:19","date_gmt":"2021-02-04T09:56:19","guid":{"rendered":"http:\/\/m4conseil.website\/?page_id=1391"},"modified":"2021-02-04T11:41:27","modified_gmt":"2021-02-04T10:41:27","slug":"politique-de-confidentialite-2","status":"publish","type":"page","link":"https:\/\/m4conseil.website\/?page_id=1391","title":{"rendered":"Politique de confidentialit\u00e9"},"content":{"rendered":"\t\t<div data-elementor-type=\"wp-page\" data-elementor-id=\"1391\" class=\"elementor elementor-1391\">\n\t\t\t\t\t\t\t\t\t<section class=\"elementor-section elementor-top-section elementor-element elementor-element-7dcffc80 elementor-section-boxed elementor-section-height-default elementor-section-height-default\" data-id=\"7dcffc80\" data-element_type=\"section\">\n\t\t\t\t\t\t<div class=\"elementor-container elementor-column-gap-default\">\n\t\t\t\t\t<div class=\"elementor-column elementor-col-100 elementor-top-column elementor-element elementor-element-22923ef5\" data-id=\"22923ef5\" data-element_type=\"column\">\n\t\t\t<div class=\"elementor-widget-wrap elementor-element-populated\">\n\t\t\t\t\t\t\t\t<div class=\"elementor-element elementor-element-59676f53 elementor-widget elementor-widget-text-editor\" data-id=\"59676f53\" data-element_type=\"widget\" data-widget_type=\"text-editor.default\">\n\t\t\t\t<div class=\"elementor-widget-container\">\n\t\t\t\t\t\t\t<p><!-- wp:paragraph --><\/p>\n<p><strong>Politique de Confidentialit\u00e9<\/strong><\/p>\n<p><!-- \/wp:paragraph --><\/p>\n<p><!-- wp:paragraph --><\/p>\n<p>Nous prot\u00e9geons la vie priv\u00e9e des utilisateurs de notre site internet. C\u2019est pourquoi nous nous engageons \u00e0 respecter la confidentialit\u00e9 des donn\u00e9es personnels que nous collectons.<\/p>\n<p><!-- \/wp:paragraph --><\/p>\n<p><!-- wp:paragraph --><\/p>\n<p>Nous avons voulu cr\u00e9er une Politique de Confidentialit\u00e9 la plus claire possible pour vous informer sur :<\/p>\n<p><!-- \/wp:paragraph --><\/p>\n<p><!-- wp:paragraph --><\/p>\n<p>les donn\u00e9es personnelles que nous collectons \u00e0 votre sujet<br>par quels moyens et \u00e0 quelles fins ces donn\u00e9es sont collect\u00e9es<br>les droits dont vous disposez sur ces donn\u00e9es<br>les mesures de s\u00e9curit\u00e9 prises pour prot\u00e9ger ces donn\u00e9es<\/p>\n<p><!-- \/wp:paragraph --><\/p>\n<p><!-- wp:paragraph --><\/p>\n<p><strong>1. COLLECTE DE DONN\u00c9ES PERSONNELLES<\/strong><\/p>\n<p><!-- \/wp:paragraph --><\/p>\n<p><!-- wp:paragraph --><\/p>\n<p>Les donn\u00e9es personnelles d\u00e9signent les donn\u00e9es qui vous identifient en tant que personne physique. Nous pouvons \u00eatre amen\u00e9 \u00e0 traiter les types de donn\u00e9es personnelles suivants vous concernant :<\/p>\n<p><!-- \/wp:paragraph --><\/p>\n<p><!-- wp:list --><\/p>\n<ul>\n<li>Via le formulaire de contact, nous collectons : vos coordonn\u00e9es incluant votre nom, votre pr\u00e9nom, votre courriel professionnel et votre num\u00e9ro de t\u00e9l\u00e9phone professionnel, entreprise.<\/li>\n<li>Informations utilisateurs, par exemple, si vous vous connectez \u00e0 notre service ou visitez nos sites internet. Ces informations peuvent comprendre le num\u00e9ro IP, le type de p\u00e9riph\u00e9rique et le navigateur, fuseau horaire, situation g\u00e9ographique, ainsi que vos int\u00e9r\u00eat et pr\u00e9f\u00e9rences des informations sur la fa\u00e7on dont vous interagissez avec nos services, par exemple sur les fonctionnalit\u00e9s utilis\u00e9es et les boutons cliqu\u00e9s.<\/li>\n<\/ul>\n<p><!-- \/wp:list --><\/p>\n<p><!-- wp:paragraph --><\/p>\n<p><strong>2. FINALIT\u00c9 DES TRAITEMENTS<\/strong><\/p>\n<p><!-- \/wp:paragraph --><\/p>\n<p><!-- wp:paragraph --><\/p>\n<p>Nous traitons vos donn\u00e9es personnelles pour les finalit\u00e9s suivantes :<\/p>\n<p><!-- \/wp:paragraph --><\/p>\n<p><!-- wp:list --><\/p>\n<ul>\n<li>Prendre contact avec vous suite \u00e0 votre demande<\/li>\n<li>Fournir nos services conform\u00e9ment aux conditions applicables<\/li>\n<li>La gestion des relations clients<\/li>\n<li>D\u00e9velopper et am\u00e9liorer nos services<\/li>\n<li>A des fins marketings afin de fournir des informations et des offres aux clients ou prospects sur nos offres. Pour \u00e9viter tout ambigu\u00eft\u00e9, tout mat\u00e9riel de marketing distribu\u00e9 \u00e0 l\u2019aide de vos donn\u00e9es personnelles vous est envoy\u00e9 en tant que repr\u00e9sentant de client actuel ou potentiel et non \u00e0 vous en tant que personne priv\u00e9e.<\/li>\n<\/ul>\n<p><!-- \/wp:list --><\/p>\n<p><!-- wp:paragraph --><\/p>\n<p>NB 1 : Dans le cadre de nos op\u00e9rations d\u2019email marketing, nous vous informons que vous pouvez vous d\u00e9sabonner de toutes campagnes en cliquant sur le lien d\u00e9di\u00e9 qui se trouve dans ledit email de publicit\u00e9.<\/p>\n<p><!-- \/wp:paragraph --><\/p>\n<p><!-- wp:paragraph --><\/p>\n<p>NB 2 : Nous conserverons vos donn\u00e9es personnelles pendant la dur\u00e9e de notre relation commerciale et post\u00e9rieurement \u00e0 son \u00e9ch\u00e9ance, pendant la dur\u00e9e n\u00e9cessaire pour la conduite l\u00e9gitime de nos activit\u00e9s, conform\u00e9ment aux lois et r\u00e9glementations europ\u00e9ennes applicables. Dans les cas o\u00f9 nous n\u2019aurions plus besoin de vos donn\u00e9es personnelles, nous d\u00e9truirons celles-ci de mani\u00e8re s\u00e9curis\u00e9e (sans vous envoyer tout autre pr\u00e9avis).<\/p>\n<p><!-- \/wp:paragraph --><\/p>\n<p><!-- wp:paragraph --><\/p>\n<p><strong>3. COOKIES<\/strong><\/p>\n<p><!-- \/wp:paragraph --><\/p>\n<p><!-- wp:paragraph --><\/p>\n<p>Nous recueillons certaines informations (anonymes) par le biais de cookies :<\/p>\n<p><!-- \/wp:paragraph --><\/p>\n<p><!-- wp:paragraph --><\/p>\n<p>Adresse IP<br>Syst\u00e8me d\u2019exploitation<br>Pages visit\u00e9es<br>Requ\u00eates<\/p>\n<p><!-- \/wp:paragraph --><\/p>\n<p><!-- wp:paragraph --><\/p>\n<p>Le recours \u00e0 ces cookies nous permet de :<\/p>\n<p><!-- \/wp:paragraph --><\/p>\n<p><!-- wp:list --><\/p>\n<ul>\n<li>\u00c9tablir des statistiques de visites<\/li>\n<\/ul>\n<p><!-- \/wp:list --><\/p>\n<p><!-- wp:paragraph --><\/p>\n<p><strong>4. AUTRES SITES ET R\u00c9SEAUX SOCIAUX<\/strong><\/p>\n<p><!-- \/wp:paragraph --><\/p>\n<p><!-- wp:paragraph --><\/p>\n<p>Si vous suivez un lien \u00e0 partir de nos sites Internet, applications ou services, vers un autre site ou service, la pr\u00e9sente politique de confidentialit\u00e9 n\u2019est plus applicable. Nous d\u00e9clinons toute responsabilit\u00e9 s\u2019agissant des pratiques de traitement des donn\u00e9es personnelles de sites ou de services tiers et nous vous encourageons \u00e0 lire les politiques de confidentialit\u00e9s diffus\u00e9es sur les sites ou services concern\u00e9s.<br>Les r\u00e9seaux sociaux peuvent nous fournir automatiquement un acc\u00e8s \u00e0 certaines donn\u00e9es personnelles vous concernant qui sont conserv\u00e9es par ces sites. Il vous appartient de g\u00e9rer vos param\u00e8tres de confidentialit\u00e9 \u00e0 partir de votre ou vos propres comptes de r\u00e9seaux sociaux de tiers afin de choisir \u00e0 quelles donn\u00e9es vous nous permettez d\u2019avoir acc\u00e8s \u00e0 partir de ces comptes de tiers.<\/p>\n<p><!-- \/wp:paragraph --><\/p>\n<p><!-- wp:paragraph --><\/p>\n<p><strong>5. DROIT D\u2019ACC\u00c8S, SUPPRESSION, MODIFICATION, EXPORT DES DONN\u00c9ES<\/strong><\/p>\n<p><!-- \/wp:paragraph --><\/p>\n<p><!-- wp:paragraph --><\/p>\n<p>Nous vous offrons un droit d\u2019acc\u00e8s, de suppression, de modification et d\u2019export de vos donn\u00e9es personnelles. Pour exercer ces droits, vous pouvez faire parvenir votre demande, qui sera trait\u00e9e sous 30 jours, \u00e0 l\u2019adresse qui suit :<\/p>\n<p><!-- \/wp:paragraph --><\/p>\n<p><!-- wp:paragraph --><\/p>\n<p>M4 CONSEIL<br>7 rue du bout de la ville<br>27930 GAUVILLE LA CAMPAGNE<\/p>\n<p><!-- \/wp:paragraph --><\/p>\n<p><!-- wp:paragraph --><\/p>\n<p>contact [@]&nbsp;: m4conseil@m4conseil.com<br>https:\/\/www.m4conseil.com<\/p>\n<p><!-- \/wp:paragraph --><\/p>\n<p><!-- wp:paragraph --><\/p>\n<p><strong>6. S\u00c9CURIT\u00c9<\/strong><\/p>\n<p><!-- \/wp:paragraph --><\/p>\n<p><!-- wp:paragraph --><\/p>\n<p>Les donn\u00e9es personnelles que nous collectons sont stock\u00e9es dans un environnement s\u00e9curis\u00e9. Nos collaborateurs et sous-traitants sont tenus de respecter la confidentialit\u00e9 de ces donn\u00e9es.<\/p>\n<p><!-- \/wp:paragraph --><\/p>\t\t\t\t\t\t<\/div>\n\t\t\t\t<\/div>\n\t\t\t\t\t<\/div>\n\t\t<\/div>\n\t\t\t\t\t\t\t<\/div>\n\t\t<\/section>\n\t\t\t\t\t\t\t<\/div>\n\t\t","protected":false},"excerpt":{"rendered":"<p>Politique de Confidentialit\u00e9 Nous prot\u00e9geons la vie priv\u00e9e des utilisateurs de notre site internet. C\u2019est pourquoi nous nous engageons \u00e0 respecter la confidentialit\u00e9 des donn\u00e9es personnels que nous collectons. Nous avons voulu cr\u00e9er une Politique de Confidentialit\u00e9 la plus claire possible pour vous informer sur : les donn\u00e9es personnelles que nous collectons \u00e0 votre sujetpar [&hellip;]<\/p>\n","protected":false},"author":1,"featured_media":0,"parent":0,"menu_order":0,"comment_status":"closed","ping_status":"closed","template":"","meta":{"ocean_post_layout":"","ocean_both_sidebars_style":"","ocean_both_sidebars_content_width":0,"ocean_both_sidebars_sidebars_width":0,"ocean_sidebar":"0","ocean_second_sidebar":"0","ocean_disable_margins":"enable","ocean_add_body_class":"","ocean_shortcode_before_top_bar":"","ocean_shortcode_after_top_bar":"","ocean_shortcode_before_header":"","ocean_shortcode_after_header":"","ocean_has_shortcode":"","ocean_shortcode_after_title":"","ocean_shortcode_before_footer_widgets":"","ocean_shortcode_after_footer_widgets":"","ocean_shortcode_before_footer_bottom":"","ocean_shortcode_after_footer_bottom":"","ocean_display_top_bar":"default","ocean_display_header":"default","ocean_header_style":"","ocean_center_header_left_menu":"0","ocean_custom_header_template":"0","ocean_custom_logo":0,"ocean_custom_retina_logo":0,"ocean_custom_logo_max_width":0,"ocean_custom_logo_tablet_max_width":0,"ocean_custom_logo_mobile_max_width":0,"ocean_custom_logo_max_height":0,"ocean_custom_logo_tablet_max_height":0,"ocean_custom_logo_mobile_max_height":0,"ocean_header_custom_menu":"0","ocean_menu_typo_font_family":"0","ocean_menu_typo_font_subset":"","ocean_menu_typo_font_size":0,"ocean_menu_typo_font_size_tablet":0,"ocean_menu_typo_font_size_mobile":0,"ocean_menu_typo_font_size_unit":"px","ocean_menu_typo_font_weight":"","ocean_menu_typo_font_weight_tablet":"","ocean_menu_typo_font_weight_mobile":"","ocean_menu_typo_transform":"","ocean_menu_typo_transform_tablet":"","ocean_menu_typo_transform_mobile":"","ocean_menu_typo_line_height":0,"ocean_menu_typo_line_height_tablet":0,"ocean_menu_typo_line_height_mobile":0,"ocean_menu_typo_line_height_unit":"","ocean_menu_typo_spacing":0,"ocean_menu_typo_spacing_tablet":0,"ocean_menu_typo_spacing_mobile":0,"ocean_menu_typo_spacing_unit":"","ocean_menu_link_color":"","ocean_menu_link_color_hover":"","ocean_menu_link_color_active":"","ocean_menu_link_background":"","ocean_menu_link_hover_background":"","ocean_menu_link_active_background":"","ocean_menu_social_links_bg":"","ocean_menu_social_hover_links_bg":"","ocean_menu_social_links_color":"","ocean_menu_social_hover_links_color":"","ocean_disable_title":"default","ocean_disable_heading":"default","ocean_post_title":"","ocean_post_subheading":"","ocean_post_title_style":"","ocean_post_title_background_color":"","ocean_post_title_background":0,"ocean_post_title_bg_image_position":"","ocean_post_title_bg_image_attachment":"","ocean_post_title_bg_image_repeat":"","ocean_post_title_bg_image_size":"","ocean_post_title_height":0,"ocean_post_title_bg_overlay":0.5,"ocean_post_title_bg_overlay_color":"","ocean_disable_breadcrumbs":"default","ocean_breadcrumbs_color":"","ocean_breadcrumbs_separator_color":"","ocean_breadcrumbs_links_color":"","ocean_breadcrumbs_links_hover_color":"","ocean_display_footer_widgets":"default","ocean_display_footer_bottom":"default","ocean_custom_footer_template":"0","footnotes":""},"class_list":["post-1391","page","type-page","status-publish","hentry","entry"],"_links":{"self":[{"href":"https:\/\/m4conseil.website\/index.php?rest_route=\/wp\/v2\/pages\/1391","targetHints":{"allow":["GET"]}}],"collection":[{"href":"https:\/\/m4conseil.website\/index.php?rest_route=\/wp\/v2\/pages"}],"about":[{"href":"https:\/\/m4conseil.website\/index.php?rest_route=\/wp\/v2\/types\/page"}],"author":[{"embeddable":true,"href":"https:\/\/m4conseil.website\/index.php?rest_route=\/wp\/v2\/users\/1"}],"replies":[{"embeddable":true,"href":"https:\/\/m4conseil.website\/index.php?rest_route=%2Fwp%2Fv2%2Fcomments&post=1391"}],"version-history":[{"count":5,"href":"https:\/\/m4conseil.website\/index.php?rest_route=\/wp\/v2\/pages\/1391\/revisions"}],"predecessor-version":[{"id":1398,"href":"https:\/\/m4conseil.website\/index.php?rest_route=\/wp\/v2\/pages\/1391\/revisions\/1398"}],"wp:attachment":[{"href":"https:\/\/m4conseil.website\/index.php?rest_route=%2Fwp%2Fv2%2Fmedia&parent=1391"}],"curies":[{"name":"wp","href":"https:\/\/api.w.org\/{rel}","templated":true}]}}